{"id":41,"date":"2024-11-14T18:42:15","date_gmt":"2024-11-14T18:42:15","guid":{"rendered":"https:\/\/opporisch.de\/?page_id=41"},"modified":"2024-11-18T19:42:09","modified_gmt":"2024-11-18T19:42:09","slug":"datenschutz","status":"publish","type":"page","link":"https:\/\/opporisch.de\/index.php\/datenschutz\/","title":{"rendered":"Datenschutz"},"content":{"rendered":"\t\t<div data-elementor-type=\"wp-page\" data-elementor-id=\"41\" class=\"elementor elementor-41\">\n\t\t\t\t<div class=\"elementor-element elementor-element-e274307 e-flex e-con-boxed e-con e-parent\" data-id=\"e274307\" data-element_type=\"container\" data-settings=\"{&quot;background_background&quot;:&quot;classic&quot;}\">\n\t\t\t\t\t<div class=\"e-con-inner\">\n\t\t<div class=\"elementor-element elementor-element-779b0ef e-con-full e-flex e-con e-child\" data-id=\"779b0ef\" data-element_type=\"container\">\n\t\t<div class=\"elementor-element elementor-element-a5ac1a6 e-flex e-con-boxed e-con e-child\" data-id=\"a5ac1a6\" data-element_type=\"container\">\n\t\t\t\t\t<div class=\"e-con-inner\">\n\t\t\t\t<div class=\"elementor-element elementor-element-42918f2 elementor-widget elementor-widget-heading\" data-id=\"42918f2\" data-element_type=\"widget\" data-widget_type=\"heading.default\">\n\t\t\t\t<div class=\"elementor-widget-container\">\n\t\t\t\t\t<h1 class=\"elementor-heading-title elementor-size-default\">Datenschutz<\/h1>\t\t\t\t<\/div>\n\t\t\t\t<\/div>\n\t\t\t\t\t<\/div>\n\t\t\t\t<\/div>\n\t\t\t\t<\/div>\n\t\t\t\t\t<\/div>\n\t\t\t\t<\/div>\n\t\t<div class=\"elementor-element elementor-element-ee0172d e-flex e-con-boxed e-con e-parent\" data-id=\"ee0172d\" data-element_type=\"container\">\n\t\t\t\t\t<div class=\"e-con-inner\">\n\t\t<div class=\"elementor-element elementor-element-7cb1a8a e-con-full e-flex e-con e-child\" data-id=\"7cb1a8a\" data-element_type=\"container\">\n\t\t\t\t<div class=\"elementor-element elementor-element-017a592 elementor-widget elementor-widget-heading\" data-id=\"017a592\" data-element_type=\"widget\" data-widget_type=\"heading.default\">\n\t\t\t\t<div class=\"elementor-widget-container\">\n\t\t\t\t\t<h2 class=\"elementor-heading-title elementor-size-default\">Datenschutz der Opporisch AG\n<\/h2>\t\t\t\t<\/div>\n\t\t\t\t<\/div>\n\t\t\t\t<div class=\"elementor-element elementor-element-1789584 elementor-widget elementor-widget-text-editor\" data-id=\"1789584\" data-element_type=\"widget\" data-widget_type=\"text-editor.default\">\n\t\t\t\t<div class=\"elementor-widget-container\">\n\t\t\t\t\t\t\t\t\t<p><strong>Impressum der Opporisch AG<\/strong><\/p><p>Angaben gem\u00e4\u00df \u00a7 5 TMG (Telemediengesetz) und \u00a7 55 RStV (Rundfunkstaatsvertrag):<\/p><p><strong>Opporisch AG<\/strong><\/p><p><strong>M\u00fcnchener Strasse 10<\/strong><\/p><p><strong>60329 Frankfurt am Main<\/strong><\/p><p><strong>Deutschland<\/strong><\/p><p><strong>Telefon<\/strong>: +49 (0) 69 247 43 54 70<\/p><p><strong>Email<\/strong>: info@opporisch.de<\/p><p><strong>Webseite<\/strong>: www.opporisch.de<\/p><p>Vertreten durch<\/p><p>Mathias Schmid, Vorstand<\/p><p><strong>Handelsregistereintrag:<\/strong><\/p><p>Eintragung im Handelsregister des Amtsgerichts [Ort]<\/p><p><strong>Registernummer<\/strong>: [Registernummer]<\/p><p>Umsatzsteuer-Identifikationsnummer:<\/p><p>[USt.-IdNr. gem\u00e4\u00df \u00a7 27a Umsatzsteuergesetz]<\/p><p>Wirtschafts-Identifikationsnummer:<\/p><p>[Wirtschafts-ID-Nummer, falls zutreffend]<\/p><p><strong>Rechtlich Hinweise<\/strong><\/p><p>Die Opporisch AG bem\u00fcht sich im Rahmen des Zumutbaren, auf dieser Website richtige und vollst\u00e4ndige Informationen zur Verf\u00fcgung zu stellen. Die Opporisch AG \u00fcbernimmt jedoch keine Haftung oder Garantie f\u00fcr die Aktualit\u00e4t, Richtigkeit und Vollst\u00e4ndigkeit der auf dieser Website bereitgestellten Informationen. Dies gilt auch f\u00fcr alle Verbindungen (&#8220;Links&#8221;), auf die diese Website direkt oder indirekt verweist. Die Opporisch AG ist f\u00fcr den Inhalt einer Seite, die mit einem solchen Link erreicht wird, nicht verantwortlich. Die Opporisch AG beh\u00e4lt es sich ausdr\u00fccklich vor, Teile der Seiten oder das gesamte Angebot ohne gesonderte Ank\u00fcndigung zu ver\u00e4ndern, zu erg\u00e4nzen, zu l\u00f6schen oder die Ver\u00f6ffentlichung zeitweise oder endg\u00fcltig einzustellen, soweit gesetzlich zul\u00e4ssig.<\/p><p>Diese Website kann bestimmte in die Zukunft gerichtete Aussagen enthalten, die auf den gegenw\u00e4rtigen Annahmen und Prognosen der Unternehmensleitung beruhen. Verschiedene bekannte wie auch unbekannte Risiken, Ungewissheiten und andere Faktoren k\u00f6nnen dazu f\u00fchren, dass die tats\u00e4chlichen Ergebnisse, die Finanzlage, die Entwicklung oder die Performance der Gesellschaft wesentlich von den hier gegebenen Einsch\u00e4tzungen abweichen. Die Gesellschaft \u00fcbernimmt keinerlei Verpflichtung, solche zukunftsgerichteten Aussagen fortzuschreiben und an zuk\u00fcnftige Ereignisse der Entwicklungen anzupassen.<\/p><p>Der Inhalt dieser Website ist urheberrechtlich gesch\u00fctzt. Die Opporisch AG gew\u00e4hrt Ihnen jedoch das Recht, den auf dieser Website bereitgestellten Text ganz oder ausschnittweise zu speichern und zu vervielf\u00e4ltigen, jedoch nicht zu kommerziellen Zwecken. Aus Gr\u00fcnden des Urheberrechts ist allerdings die Speicherung und Vervielf\u00e4ltigung von Bildmaterial oder Grafiken aus dieser Website nicht gestattet. Jegliche, \u00fcber diese Nutzungsformen hinausgehende Nutzung der Inhalte dieser Website ist nur nach ausdr\u00fccklicher vorheriger schriftlicher Zustimmung durch die Opporisch AG gestattet.<\/p><p>Die Informationen (einschlie\u00dflich des B\u00f6rsenkurses der Opporisch -Aktie) auf dieser Website sind weder eine Aufforderung zum Kauf noch gelten sie als Aufforderung zum sonstigen Handel mit Aktien.<\/p><p>Die Opporisch AG haftet nicht f\u00fcr direkte oder indirekte Sch\u00e4den, einschlie\u00dflich entgangenen Gewinns, die auf Grund von oder in Verbindung mit Informationen entstehen, die auf dieser Website bereitgehalten werden.<\/p>\t\t\t\t\t\t\t\t<\/div>\n\t\t\t\t<\/div>\n\t\t\t\t<\/div>\n\t\t\t\t\t<\/div>\n\t\t\t\t<\/div>\n\t\t\t\t<\/div>\n\t\t","protected":false},"excerpt":{"rendered":"<p>Datenschutz Datenschutz der Opporisch AG Impressum der Opporisch AG Angaben gem\u00e4\u00df \u00a7 5 TMG (Telemediengesetz) und \u00a7 55 RStV (Rundfunkstaatsvertrag): Opporisch AG M\u00fcnchener Strasse 10 60329 Frankfurt am Main Deutschland Telefon: +49 (0) 69 247 43 54 70 Email: info@opporisch.de Webseite: www.opporisch.de Vertreten durch Mathias Schmid, Vorstand Handelsregistereintrag: Eintragung im Handelsregister des Amtsgerichts [Ort] Registernummer: [&hellip;]<\/p>\n","protected":false},"author":1,"featured_media":0,"parent":0,"menu_order":0,"comment_status":"closed","ping_status":"closed","template":"","meta":{"footnotes":""},"class_list":["post-41","page","type-page","status-publish","hentry"],"_links":{"self":[{"href":"https:\/\/opporisch.de\/index.php\/wp-json\/wp\/v2\/pages\/41","targetHints":{"allow":["GET"]}}],"collection":[{"href":"https:\/\/opporisch.de\/index.php\/wp-json\/wp\/v2\/pages"}],"about":[{"href":"https:\/\/opporisch.de\/index.php\/wp-json\/wp\/v2\/types\/page"}],"author":[{"embeddable":true,"href":"https:\/\/opporisch.de\/index.php\/wp-json\/wp\/v2\/users\/1"}],"replies":[{"embeddable":true,"href":"https:\/\/opporisch.de\/index.php\/wp-json\/wp\/v2\/comments?post=41"}],"version-history":[{"count":7,"href":"https:\/\/opporisch.de\/index.php\/wp-json\/wp\/v2\/pages\/41\/revisions"}],"predecessor-version":[{"id":346,"href":"https:\/\/opporisch.de\/index.php\/wp-json\/wp\/v2\/pages\/41\/revisions\/346"}],"wp:attachment":[{"href":"https:\/\/opporisch.de\/index.php\/wp-json\/wp\/v2\/media?parent=41"}],"curies":[{"name":"wp","href":"https:\/\/api.w.org\/{rel}","templated":true}]}}