{"id":44,"date":"2024-11-14T18:42:27","date_gmt":"2024-11-14T18:42:27","guid":{"rendered":"https:\/\/opporisch.de\/?page_id=44"},"modified":"2024-11-15T21:09:37","modified_gmt":"2024-11-15T21:09:37","slug":"cookie-richtlinie","status":"publish","type":"page","link":"https:\/\/opporisch.de\/index.php\/cookie-richtlinie\/","title":{"rendered":"Cookie-Richtlinie"},"content":{"rendered":"\t\t<div data-elementor-type=\"wp-page\" data-elementor-id=\"44\" class=\"elementor elementor-44\">\n\t\t\t\t<div class=\"elementor-element elementor-element-8a654e9 e-flex e-con-boxed e-con e-parent\" data-id=\"8a654e9\" data-element_type=\"container\" data-settings=\"{&quot;background_background&quot;:&quot;classic&quot;}\">\n\t\t\t\t\t<div class=\"e-con-inner\">\n\t\t<div class=\"elementor-element elementor-element-71947ba e-con-full e-flex e-con e-child\" data-id=\"71947ba\" data-element_type=\"container\">\n\t\t<div class=\"elementor-element elementor-element-5234235 e-flex e-con-boxed e-con e-child\" data-id=\"5234235\" data-element_type=\"container\">\n\t\t\t\t\t<div class=\"e-con-inner\">\n\t\t\t\t<div class=\"elementor-element elementor-element-cb5695d elementor-widget elementor-widget-heading\" data-id=\"cb5695d\" data-element_type=\"widget\" data-widget_type=\"heading.default\">\n\t\t\t\t<div class=\"elementor-widget-container\">\n\t\t\t\t\t<h1 class=\"elementor-heading-title elementor-size-default\">Cookie-Richtlinie\n<\/h1>\t\t\t\t<\/div>\n\t\t\t\t<\/div>\n\t\t\t\t\t<\/div>\n\t\t\t\t<\/div>\n\t\t\t\t<\/div>\n\t\t\t\t\t<\/div>\n\t\t\t\t<\/div>\n\t\t<div class=\"elementor-element elementor-element-69869fd e-flex e-con-boxed e-con e-parent\" data-id=\"69869fd\" data-element_type=\"container\">\n\t\t\t\t\t<div class=\"e-con-inner\">\n\t\t<div class=\"elementor-element elementor-element-a836ad1 e-con-full e-flex e-con e-child\" data-id=\"a836ad1\" data-element_type=\"container\">\n\t\t\t\t<div class=\"elementor-element elementor-element-42bba30 elementor-widget elementor-widget-heading\" data-id=\"42bba30\" data-element_type=\"widget\" data-widget_type=\"heading.default\">\n\t\t\t\t<div class=\"elementor-widget-container\">\n\t\t\t\t\t<h2 class=\"elementor-heading-title elementor-size-default\">Cookie-Richtlinie der Opporisch AG\n<\/h2>\t\t\t\t<\/div>\n\t\t\t\t<\/div>\n\t\t\t\t<div class=\"elementor-element elementor-element-502b537 elementor-widget elementor-widget-text-editor\" data-id=\"502b537\" data-element_type=\"widget\" data-widget_type=\"text-editor.default\">\n\t\t\t\t<div class=\"elementor-widget-container\">\n\t\t\t\t\t\t\t\t\t<p>Diese Cookie-Richtlinie erkl\u00e4rt, wie die <strong>Opporisch AG<\/strong> (\u201ewir\u201c, \u201euns\u201c oder \u201eunser\u201c) Cookies und \u00e4hnliche Technologien auf unserer Website verwendet. Cookies sind kleine Textdateien, die auf Ihrem Ger\u00e4t gespeichert werden, wenn Sie unsere Website besuchen. Sie erm\u00f6glichen es uns, die Nutzung der Website zu analysieren, Ihre Benutzererfahrung zu verbessern und Ihnen personalisierte Inhalte anzuzeigen.<\/p><h4><strong>1. Was sind Cookies?<\/strong><\/h4><p>Cookies sind kleine Dateien, die auf Ihrem Computer oder mobilen Ger\u00e4t gespeichert werden, wenn Sie eine Website besuchen. Sie erm\u00f6glichen es der Website, sich an Ihre Aktionen und Pr\u00e4ferenzen (z. B. Anmeldeinformationen, Spracheinstellungen, Schriftgr\u00f6\u00dfe) \u00fcber einen bestimmten Zeitraum zu erinnern, sodass Sie diese nicht bei jedem Besuch erneut eingeben m\u00fcssen.<\/p><h4><strong>2. Welche Cookies verwenden wir?<\/strong><\/h4><p>Wir verwenden verschiedene Arten von Cookies, um unsere Website benutzerfreundlicher und effizienter zu gestalten. Hier sind die wichtigsten Kategorien:<\/p><ul><li><p><strong>Notwendige Cookies (essentiell):<\/strong> Diese Cookies sind notwendig, damit die Website funktioniert. Sie erm\u00f6glichen grundlegende Funktionen wie die Seitennavigation und den Zugriff auf gesicherte Bereiche der Website. Ohne diese Cookies kann die Website nicht ordnungsgem\u00e4\u00df funktionieren.<\/p><\/li><li><p><strong>Analyse-Cookies:<\/strong> Diese Cookies helfen uns, das Verhalten der Benutzer auf unserer Website zu verfolgen, um ihre Nutzung zu analysieren und die Website zu verbessern. Sie sammeln Informationen wie z.B. die Anzahl der Besucher, welche Seiten besucht werden und wie die Benutzer auf die Website gekommen sind.<\/p><\/li><li><p><strong>Funktionale Cookies:<\/strong> Diese Cookies erm\u00f6glichen es der Website, sich an Ihre Pr\u00e4ferenzen zu erinnern, wie z. B. die Sprache oder Region, und bieten erweiterte Funktionen und personalisierte Inhalte.<\/p><\/li><li><p><strong>Werbe-Cookies:<\/strong> Diese Cookies werden verwendet, um Ihnen personalisierte Werbung anzuzeigen, die f\u00fcr Sie von Interesse sein k\u00f6nnte, basierend auf Ihrem Verhalten auf der Website und auf anderen Websites. Sie helfen, die H\u00e4ufigkeit von Werbeanzeigen zu reduzieren.<\/p><\/li><\/ul><h4><strong>3. Wie k\u00f6nnen Sie Cookies verwalten?<\/strong><\/h4><p>Die meisten Browser akzeptieren Cookies standardm\u00e4\u00dfig. Sie k\u00f6nnen jedoch Ihre Browser-Einstellungen \u00e4ndern, um Cookies abzulehnen oder die Speicherung von Cookies zu verhindern. Beachten Sie, dass die Ablehnung von Cookies dazu f\u00fchren kann, dass einige Funktionen der Website nicht mehr richtig funktionieren.<\/p><p>Um Cookies zu verwalten oder zu l\u00f6schen, k\u00f6nnen Sie die Einstellungen in Ihrem Browser anpassen. Je nach Browser variieren die Schritte zur Verwaltung von Cookies:<\/p><ul><li><strong>Google Chrome:<\/strong> <a target=\"_new\" rel=\"noopener\">Cookie-Einstellungen in Chrome<\/a><\/li><li><strong>Mozilla Firefox:<\/strong> <a href=\"https:\/\/support.mozilla.org\/de\/kb\/cookies-und-website-daten-l%C3%B6schen\" target=\"_new\" rel=\"noopener\">Cookie-Einstellungen in Firefox<\/a><\/li><li><strong>Microsoft Edge:<\/strong> <a href=\"https:\/\/support.microsoft.com\/de-de\/microsoft-edge\/l%C3%B6schen-von-cookies-in-microsoft-edge-3e8a29de-1fe6-4599-8d9d-5a0d1d116c7d\" target=\"_new\" rel=\"noopener\">Cookie-Einstellungen in Edge<\/a><\/li><li><strong>Safari:<\/strong> <a href=\"https:\/\/support.apple.com\/de-de\/guide\/safari\/sfri11471\/mac\" target=\"_new\" rel=\"noopener\">Cookie-Einstellungen in Safari<\/a><\/li><\/ul><h4><strong>4. Drittanbieter-Cookies<\/strong><\/h4><p>Wir verwenden auf unserer Website auch Dienste von Drittanbietern, die m\u00f6glicherweise Cookies setzen. Diese Drittanbieter, wie Google Analytics, soziale Netzwerke oder Werbenetzwerke, verwenden ihre eigenen Cookies zur Analyse und f\u00fcr Werbezwecke. Diese Cookies unterliegen den Datenschutzrichtlinien der jeweiligen Drittanbieter.<\/p><ul><li><strong>Google Analytics:<\/strong> Google Analytics verwendet Cookies, um Informationen \u00fcber die Nutzung unserer Website zu sammeln und zu analysieren. Weitere Informationen finden Sie in der <a target=\"_new\" rel=\"noopener\">Google Datenschutzrichtlinie<\/a>.<\/li><li><strong>Soziale Netzwerke:<\/strong> Auf unserer Website sind m\u00f6glicherweise Schaltfl\u00e4chen f\u00fcr soziale Netzwerke wie Facebook, LinkedIn oder Twitter integriert. Diese Netzwerke setzen eigene Cookies, um die Nutzung ihrer Dienste zu verfolgen.<\/li><\/ul><h4><strong>5. Dauer der Cookies<\/strong><\/h4><p>Die auf unserer Website verwendeten Cookies haben unterschiedliche G\u00fcltigkeitsdauern:<\/p><ul><li><strong>Session-Cookies:<\/strong> Diese Cookies sind tempor\u00e4r und werden gel\u00f6scht, sobald Sie Ihren Browser schlie\u00dfen.<\/li><li><strong>Dauerhafte Cookies:<\/strong> Diese Cookies bleiben f\u00fcr eine festgelegte Zeit auf Ihrem Ger\u00e4t gespeichert, auch nachdem Sie den Browser geschlossen haben. Sie werden beispielsweise verwendet, um sich Ihre Anmeldeinformationen oder Ihre Pr\u00e4ferenzen zu merken.<\/li><\/ul><h4><strong>6. \u00c4nderungen der Cookie-Richtlinie<\/strong><\/h4><p>Wir behalten uns das Recht vor, diese Cookie-Richtlinie jederzeit zu \u00e4ndern, um sie an neue gesetzliche Anforderungen oder \u00c4nderungen unserer Dienstleistungen anzupassen. Eine aktuelle Version wird auf dieser Seite ver\u00f6ffentlicht.<\/p><h4><strong>7. Kontakt<\/strong><\/h4><p>Wenn Sie Fragen zu dieser Cookie-Richtlinie oder zur Verwendung von Cookies auf unserer Website haben, k\u00f6nnen Sie sich gerne an uns wenden:<\/p><p><strong>Opporisch AG<\/strong><br \/>[Adresse der Gesellschaft]<br \/>[Postleitzahl] [Stadt]<br \/>Deutschland<\/p>\t\t\t\t\t\t\t\t<\/div>\n\t\t\t\t<\/div>\n\t\t\t\t<\/div>\n\t\t\t\t\t<\/div>\n\t\t\t\t<\/div>\n\t\t\t\t<\/div>\n\t\t","protected":false},"excerpt":{"rendered":"<p>Cookie-Richtlinie Cookie-Richtlinie der Opporisch AG Diese Cookie-Richtlinie erkl\u00e4rt, wie die Opporisch AG (\u201ewir\u201c, \u201euns\u201c oder \u201eunser\u201c) Cookies und \u00e4hnliche Technologien auf unserer Website verwendet. Cookies sind kleine Textdateien, die auf Ihrem Ger\u00e4t gespeichert werden, wenn Sie unsere Website besuchen. Sie erm\u00f6glichen es uns, die Nutzung der Website zu analysieren, Ihre Benutzererfahrung zu verbessern und Ihnen [&hellip;]<\/p>\n","protected":false},"author":1,"featured_media":0,"parent":0,"menu_order":0,"comment_status":"closed","ping_status":"closed","template":"","meta":{"footnotes":""},"class_list":["post-44","page","type-page","status-publish","hentry"],"_links":{"self":[{"href":"https:\/\/opporisch.de\/index.php\/wp-json\/wp\/v2\/pages\/44","targetHints":{"allow":["GET"]}}],"collection":[{"href":"https:\/\/opporisch.de\/index.php\/wp-json\/wp\/v2\/pages"}],"about":[{"href":"https:\/\/opporisch.de\/index.php\/wp-json\/wp\/v2\/types\/page"}],"author":[{"embeddable":true,"href":"https:\/\/opporisch.de\/index.php\/wp-json\/wp\/v2\/users\/1"}],"replies":[{"embeddable":true,"href":"https:\/\/opporisch.de\/index.php\/wp-json\/wp\/v2\/comments?post=44"}],"version-history":[{"count":4,"href":"https:\/\/opporisch.de\/index.php\/wp-json\/wp\/v2\/pages\/44\/revisions"}],"predecessor-version":[{"id":272,"href":"https:\/\/opporisch.de\/index.php\/wp-json\/wp\/v2\/pages\/44\/revisions\/272"}],"wp:attachment":[{"href":"https:\/\/opporisch.de\/index.php\/wp-json\/wp\/v2\/media?parent=44"}],"curies":[{"name":"wp","href":"https:\/\/api.w.org\/{rel}","templated":true}]}}