{"id":46,"date":"2024-11-14T18:42:37","date_gmt":"2024-11-14T18:42:37","guid":{"rendered":"https:\/\/opporisch.de\/?page_id=46"},"modified":"2024-11-15T21:11:57","modified_gmt":"2024-11-15T21:11:57","slug":"nutzungsbedingungen","status":"publish","type":"page","link":"https:\/\/opporisch.de\/index.php\/nutzungsbedingungen\/","title":{"rendered":"Nutzungsbedingungen"},"content":{"rendered":"\t\t<div data-elementor-type=\"wp-page\" data-elementor-id=\"46\" class=\"elementor elementor-46\">\n\t\t\t\t<div class=\"elementor-element elementor-element-223a8f0 e-flex e-con-boxed e-con e-parent\" data-id=\"223a8f0\" data-element_type=\"container\" data-settings=\"{&quot;background_background&quot;:&quot;classic&quot;}\">\n\t\t\t\t\t<div class=\"e-con-inner\">\n\t\t<div class=\"elementor-element elementor-element-c38c984 e-con-full e-flex e-con e-child\" data-id=\"c38c984\" data-element_type=\"container\">\n\t\t<div class=\"elementor-element elementor-element-d643146 e-flex e-con-boxed e-con e-child\" data-id=\"d643146\" data-element_type=\"container\">\n\t\t\t\t\t<div class=\"e-con-inner\">\n\t\t\t\t<div class=\"elementor-element elementor-element-4d9fdeb elementor-widget elementor-widget-heading\" data-id=\"4d9fdeb\" data-element_type=\"widget\" data-widget_type=\"heading.default\">\n\t\t\t\t<div class=\"elementor-widget-container\">\n\t\t\t\t\t<h1 class=\"elementor-heading-title elementor-size-default\">Nutzungsbedingungen<\/h1>\t\t\t\t<\/div>\n\t\t\t\t<\/div>\n\t\t\t\t\t<\/div>\n\t\t\t\t<\/div>\n\t\t\t\t<\/div>\n\t\t\t\t\t<\/div>\n\t\t\t\t<\/div>\n\t\t<div class=\"elementor-element elementor-element-f082ffa e-flex e-con-boxed e-con e-parent\" data-id=\"f082ffa\" data-element_type=\"container\">\n\t\t\t\t\t<div class=\"e-con-inner\">\n\t\t<div class=\"elementor-element elementor-element-f67d0cd e-con-full e-flex e-con e-child\" data-id=\"f67d0cd\" data-element_type=\"container\">\n\t\t\t\t<div class=\"elementor-element elementor-element-0567100 elementor-widget elementor-widget-heading\" data-id=\"0567100\" data-element_type=\"widget\" data-widget_type=\"heading.default\">\n\t\t\t\t<div class=\"elementor-widget-container\">\n\t\t\t\t\t<h2 class=\"elementor-heading-title elementor-size-default\">Nutzungsbedingungen der Opporisch AG\n<\/h2>\t\t\t\t<\/div>\n\t\t\t\t<\/div>\n\t\t\t\t<div class=\"elementor-element elementor-element-e34a922 elementor-widget elementor-widget-text-editor\" data-id=\"e34a922\" data-element_type=\"widget\" data-widget_type=\"text-editor.default\">\n\t\t\t\t<div class=\"elementor-widget-container\">\n\t\t\t\t\t\t\t\t\t<p><strong>1. Geltungsbereich<\/strong><\/p><p>Diese Nutzungsbedingungen gelten f\u00fcr die Nutzung der Website der <strong>Opporisch AG<\/strong> (<a href=\"http:\/\/www.oppirisch.com\" target=\"_new\" rel=\"noopener\">www.oppirisch.com<\/a>) und f\u00fcr alle mit der Website verbundenen Dienste und Inhalte. Durch den Zugriff auf unsere Website erkl\u00e4ren Sie sich mit diesen Nutzungsbedingungen einverstanden. Sollten Sie mit diesen Bedingungen nicht einverstanden sein, bitten wir Sie, die Website nicht zu nutzen.<\/p><p><strong>2. \u00c4nderungen der Nutzungsbedingungen<\/strong><\/p><p>Wir behalten uns das Recht vor, diese Nutzungsbedingungen jederzeit zu \u00e4ndern, anzupassen oder zu erg\u00e4nzen. Alle \u00c4nderungen werden auf dieser Seite ver\u00f6ffentlicht und sind ab dem Zeitpunkt der Ver\u00f6ffentlichung wirksam. Bitte \u00fcberpr\u00fcfen Sie regelm\u00e4\u00dfig die Nutzungsbedingungen, um \u00fcber etwaige \u00c4nderungen informiert zu bleiben.<\/p><p><strong>3. Zugang zur Website<\/strong><\/p><p>Der Zugang zu unserer Website erfolgt auf Ihre eigene Verantwortung. Wir \u00fcbernehmen keine Haftung f\u00fcr Sch\u00e4den, die durch den Zugriff auf oder die Nutzung der Website entstehen. Wir behalten uns das Recht vor, die Website oder Teile der Website jederzeit und ohne Vorank\u00fcndigung zu \u00e4ndern, auszusetzen oder zu l\u00f6schen.<\/p><p><strong>4. Nutzung der Inhalte<\/strong><\/p><p>Alle Inhalte auf dieser Website, einschlie\u00dflich Texte, Bilder, Grafiken, Logos, Videos und Software, sind urheberrechtlich gesch\u00fctzt und Eigentum der <strong>Opporisch AG<\/strong> oder der jeweiligen Rechteinhaber. Die Nutzung der Inhalte auf dieser Website ist nur zu privaten und nicht-kommerziellen Zwecken gestattet. Jegliche kommerzielle Nutzung, Vervielf\u00e4ltigung, Verbreitung oder Modifikation der Inhalte ohne unsere ausdr\u00fcckliche Zustimmung ist untersagt.<\/p><p><strong>5. Verbotene Nutzung<\/strong><\/p><p>Es ist Ihnen untersagt, die Website f\u00fcr illegale, ungesetzliche oder unangemessene Zwecke zu verwenden. Insbesondere d\u00fcrfen Sie keine Inhalte ver\u00f6ffentlichen oder verbreiten, die:<\/p><ul><li>Rechte Dritter verletzen, insbesondere Urheberrechte, Markenrechte oder Datenschutzrechte,<\/li><li>Viren, Trojaner oder andere schadhafte Programme enthalten,<\/li><li>die Website in einer Weise nutzen, die die Funktionalit\u00e4t oder Sicherheit beeintr\u00e4chtigt,<\/li><li>die Rechte und die Sicherheit anderer Benutzer beeintr\u00e4chtigen.<\/li><\/ul><p><strong>6. Haftungsausschluss<\/strong><\/p><p>Die <strong>Opporisch AG<\/strong> \u00fcbernimmt keine Haftung f\u00fcr Sch\u00e4den, die direkt oder indirekt aus der Nutzung der Website entstehen, es sei denn, sie beruhen auf vors\u00e4tzlichem oder grob fahrl\u00e4ssigem Verhalten unsererseits. Dies gilt auch f\u00fcr Sch\u00e4den, die durch die Nutzung von Links zu externen Websites entstehen.<\/p><p><strong>7. Links zu externen Websites<\/strong><\/p><p>Unsere Website kann Links zu externen Websites enthalten, die von Dritten betrieben werden. Wir haben keinen Einfluss auf den Inhalt dieser Seiten und \u00fcbernehmen keine Haftung f\u00fcr deren Inhalte oder f\u00fcr Sch\u00e4den, die durch die Nutzung dieser externen Websites entstehen.<\/p><p><strong>8. Datenschutz<\/strong><\/p><p>Die Verarbeitung Ihrer personenbezogenen Daten erfolgt gem\u00e4\u00df unserer <strong>Datenschutzerkl\u00e4rung<\/strong>, die Sie auf dieser Website einsehen k\u00f6nnen. Bitte lesen Sie diese Datenschutzerkl\u00e4rung, um mehr dar\u00fcber zu erfahren, wie wir Ihre Daten erfassen und verwenden.<\/p><p><strong>9. Gerichtsstand und anwendbares Recht<\/strong><\/p><p>Diese Nutzungsbedingungen unterliegen dem Recht der Bundesrepublik Deutschland. Gerichtsstand f\u00fcr alle Streitigkeiten, die im Zusammenhang mit der Nutzung dieser Website entstehen, ist Frankfurt am Main, sofern nicht ein anderer gesetzlicher Gerichtsstand besteht.<\/p><p><strong>10. Schlussbestimmungen<\/strong><\/p><p>Sollte eine Bestimmung dieser Nutzungsbedingungen unwirksam oder nicht durchsetzbar sein, bleibt die Wirksamkeit der \u00fcbrigen Bestimmungen unber\u00fchrt. In diesem Fall wird die unwirksame Bestimmung durch eine wirksame Bestimmung ersetzt, die dem wirtschaftlichen Zweck der unwirksamen Bestimmung m\u00f6glichst nahekommt.<\/p>\t\t\t\t\t\t\t\t<\/div>\n\t\t\t\t<\/div>\n\t\t\t\t<\/div>\n\t\t\t\t\t<\/div>\n\t\t\t\t<\/div>\n\t\t\t\t<\/div>\n\t\t","protected":false},"excerpt":{"rendered":"<p>Nutzungsbedingungen Nutzungsbedingungen der Opporisch AG 1. Geltungsbereich Diese Nutzungsbedingungen gelten f\u00fcr die Nutzung der Website der Opporisch AG (www.oppirisch.com) und f\u00fcr alle mit der Website verbundenen Dienste und Inhalte. Durch den Zugriff auf unsere Website erkl\u00e4ren Sie sich mit diesen Nutzungsbedingungen einverstanden. Sollten Sie mit diesen Bedingungen nicht einverstanden sein, bitten wir Sie, die Website [&hellip;]<\/p>\n","protected":false},"author":1,"featured_media":0,"parent":0,"menu_order":0,"comment_status":"closed","ping_status":"closed","template":"","meta":{"footnotes":""},"class_list":["post-46","page","type-page","status-publish","hentry"],"_links":{"self":[{"href":"https:\/\/opporisch.de\/index.php\/wp-json\/wp\/v2\/pages\/46","targetHints":{"allow":["GET"]}}],"collection":[{"href":"https:\/\/opporisch.de\/index.php\/wp-json\/wp\/v2\/pages"}],"about":[{"href":"https:\/\/opporisch.de\/index.php\/wp-json\/wp\/v2\/types\/page"}],"author":[{"embeddable":true,"href":"https:\/\/opporisch.de\/index.php\/wp-json\/wp\/v2\/users\/1"}],"replies":[{"embeddable":true,"href":"https:\/\/opporisch.de\/index.php\/wp-json\/wp\/v2\/comments?post=46"}],"version-history":[{"count":4,"href":"https:\/\/opporisch.de\/index.php\/wp-json\/wp\/v2\/pages\/46\/revisions"}],"predecessor-version":[{"id":275,"href":"https:\/\/opporisch.de\/index.php\/wp-json\/wp\/v2\/pages\/46\/revisions\/275"}],"wp:attachment":[{"href":"https:\/\/opporisch.de\/index.php\/wp-json\/wp\/v2\/media?parent=46"}],"curies":[{"name":"wp","href":"https:\/\/api.w.org\/{rel}","templated":true}]}}